{"id":55888,"date":"2022-07-26T19:05:18","date_gmt":"2022-07-26T17:05:18","guid":{"rendered":"https:\/\/ruthjoanna.com\/?page_id=55888"},"modified":"2022-10-18T16:57:44","modified_gmt":"2022-10-18T14:57:44","slug":"om-oss","status":"publish","type":"page","link":"https:\/\/ruthjoanna.com\/sv\/om-oss\/","title":{"rendered":"Om oss"},"content":{"rendered":"","protected":false},"excerpt":{"rendered":"","protected":false},"author":7,"featured_media":0,"parent":0,"menu_order":0,"comment_status":"closed","ping_status":"closed","template":"templates\/template-our-story.php","meta":{"_acf_changed":false,"footnotes":""},"class_list":["post-55888","page","type-page","status-publish","hentry"],"acf":[],"yoast_head":"<!-- This site is optimized with the Yoast SEO plugin v27.3 - https:\/\/yoast.com\/product\/yoast-seo-wordpress\/ -->\n<title>Om oss - Ruth &amp; Joanna<\/title>\n<meta name=\"description\" content=\"Ruth &amp; Joanna grundandes 2012 av Susanne Lundberg i centrala Stockholm. L\u00e4s mer Om oss, v\u00e5r historia och vision h\u00e4r.\" \/>\n<meta name=\"robots\" content=\"index, follow, max-snippet:-1, max-image-preview:large, max-video-preview:-1\" \/>\n<link rel=\"canonical\" href=\"https:\/\/ruthjoanna.com\/sv\/om-oss\/\" \/>\n<meta property=\"og:locale\" content=\"sv_SE\" \/>\n<meta property=\"og:type\" content=\"article\" \/>\n<meta property=\"og:title\" content=\"Om oss - Ruth &amp; Joanna\" \/>\n<meta property=\"og:description\" content=\"Ruth &amp; Joanna grundandes 2012 av Susanne Lundberg i centrala Stockholm. L\u00e4s mer Om oss, v\u00e5r historia och vision h\u00e4r.\" \/>\n<meta property=\"og:url\" content=\"https:\/\/ruthjoanna.com\/sv\/om-oss\/\" \/>\n<meta property=\"og:site_name\" content=\"Ruth &amp; Joanna\" \/>\n<meta property=\"article:publisher\" content=\"https:\/\/www.facebook.com\/ruthandjoanna\/\" \/>\n<meta property=\"article:modified_time\" content=\"2022-10-18T14:57:44+00:00\" \/>\n<meta name=\"twitter:card\" content=\"summary_large_image\" \/>\n<script type=\"application\/ld+json\" class=\"yoast-schema-graph\">{\"@context\":\"https:\\\/\\\/schema.org\",\"@graph\":[{\"@type\":\"WebPage\",\"@id\":\"https:\\\/\\\/ruthjoanna.com\\\/sv\\\/om-oss\\\/\",\"url\":\"https:\\\/\\\/ruthjoanna.com\\\/sv\\\/om-oss\\\/\",\"name\":\"Om oss - Ruth &amp; Joanna\",\"isPartOf\":{\"@id\":\"https:\\\/\\\/ruthjoanna.com\\\/sv\\\/#website\"},\"datePublished\":\"2022-07-26T17:05:18+00:00\",\"dateModified\":\"2022-10-18T14:57:44+00:00\",\"description\":\"Ruth &amp; Joanna grundandes 2012 av Susanne Lundberg i centrala Stockholm. L\u00e4s mer Om oss, v\u00e5r historia och vision h\u00e4r.\",\"breadcrumb\":{\"@id\":\"https:\\\/\\\/ruthjoanna.com\\\/sv\\\/om-oss\\\/#breadcrumb\"},\"inLanguage\":\"sv-SE\",\"potentialAction\":[{\"@type\":\"ReadAction\",\"target\":[\"https:\\\/\\\/ruthjoanna.com\\\/sv\\\/om-oss\\\/\"]}]},{\"@type\":\"BreadcrumbList\",\"@id\":\"https:\\\/\\\/ruthjoanna.com\\\/sv\\\/om-oss\\\/#breadcrumb\",\"itemListElement\":[{\"@type\":\"ListItem\",\"position\":1,\"name\":\"Hem\",\"item\":\"https:\\\/\\\/ruthjoanna.com\\\/sv\\\/\"},{\"@type\":\"ListItem\",\"position\":2,\"name\":\"Om oss\"}]},{\"@type\":\"WebSite\",\"@id\":\"https:\\\/\\\/ruthjoanna.com\\\/sv\\\/#website\",\"url\":\"https:\\\/\\\/ruthjoanna.com\\\/sv\\\/\",\"name\":\"Ruth &amp; Joanna\",\"description\":\"Furnitures\",\"potentialAction\":[{\"@type\":\"SearchAction\",\"target\":{\"@type\":\"EntryPoint\",\"urlTemplate\":\"https:\\\/\\\/ruthjoanna.com\\\/sv\\\/?s={search_term_string}\"},\"query-input\":{\"@type\":\"PropertyValueSpecification\",\"valueRequired\":true,\"valueName\":\"search_term_string\"}}],\"inLanguage\":\"sv-SE\"}]}<\/script>\n<!-- \/ Yoast SEO plugin. -->","yoast_head_json":{"title":"Om oss - Ruth &amp; Joanna","description":"Ruth &amp; Joanna grundandes 2012 av Susanne Lundberg i centrala Stockholm. L\u00e4s mer Om oss, v\u00e5r historia och vision h\u00e4r.","robots":{"index":"index","follow":"follow","max-snippet":"max-snippet:-1","max-image-preview":"max-image-preview:large","max-video-preview":"max-video-preview:-1"},"canonical":"https:\/\/ruthjoanna.com\/sv\/om-oss\/","og_locale":"sv_SE","og_type":"article","og_title":"Om oss - Ruth &amp; Joanna","og_description":"Ruth &amp; Joanna grundandes 2012 av Susanne Lundberg i centrala Stockholm. L\u00e4s mer Om oss, v\u00e5r historia och vision h\u00e4r.","og_url":"https:\/\/ruthjoanna.com\/sv\/om-oss\/","og_site_name":"Ruth &amp; Joanna","article_publisher":"https:\/\/www.facebook.com\/ruthandjoanna\/","article_modified_time":"2022-10-18T14:57:44+00:00","twitter_card":"summary_large_image","schema":{"@context":"https:\/\/schema.org","@graph":[{"@type":"WebPage","@id":"https:\/\/ruthjoanna.com\/sv\/om-oss\/","url":"https:\/\/ruthjoanna.com\/sv\/om-oss\/","name":"Om oss - Ruth &amp; Joanna","isPartOf":{"@id":"https:\/\/ruthjoanna.com\/sv\/#website"},"datePublished":"2022-07-26T17:05:18+00:00","dateModified":"2022-10-18T14:57:44+00:00","description":"Ruth &amp; Joanna grundandes 2012 av Susanne Lundberg i centrala Stockholm. L\u00e4s mer Om oss, v\u00e5r historia och vision h\u00e4r.","breadcrumb":{"@id":"https:\/\/ruthjoanna.com\/sv\/om-oss\/#breadcrumb"},"inLanguage":"sv-SE","potentialAction":[{"@type":"ReadAction","target":["https:\/\/ruthjoanna.com\/sv\/om-oss\/"]}]},{"@type":"BreadcrumbList","@id":"https:\/\/ruthjoanna.com\/sv\/om-oss\/#breadcrumb","itemListElement":[{"@type":"ListItem","position":1,"name":"Hem","item":"https:\/\/ruthjoanna.com\/sv\/"},{"@type":"ListItem","position":2,"name":"Om oss"}]},{"@type":"WebSite","@id":"https:\/\/ruthjoanna.com\/sv\/#website","url":"https:\/\/ruthjoanna.com\/sv\/","name":"Ruth &amp; Joanna","description":"Furnitures","potentialAction":[{"@type":"SearchAction","target":{"@type":"EntryPoint","urlTemplate":"https:\/\/ruthjoanna.com\/sv\/?s={search_term_string}"},"query-input":{"@type":"PropertyValueSpecification","valueRequired":true,"valueName":"search_term_string"}}],"inLanguage":"sv-SE"}]}},"_links":{"self":[{"href":"https:\/\/ruthjoanna.com\/sv\/wp-json\/wp\/v2\/pages\/55888","targetHints":{"allow":["GET"]}}],"collection":[{"href":"https:\/\/ruthjoanna.com\/sv\/wp-json\/wp\/v2\/pages"}],"about":[{"href":"https:\/\/ruthjoanna.com\/sv\/wp-json\/wp\/v2\/types\/page"}],"author":[{"embeddable":true,"href":"https:\/\/ruthjoanna.com\/sv\/wp-json\/wp\/v2\/users\/7"}],"replies":[{"embeddable":true,"href":"https:\/\/ruthjoanna.com\/sv\/wp-json\/wp\/v2\/comments?post=55888"}],"version-history":[{"count":5,"href":"https:\/\/ruthjoanna.com\/sv\/wp-json\/wp\/v2\/pages\/55888\/revisions"}],"predecessor-version":[{"id":57829,"href":"https:\/\/ruthjoanna.com\/sv\/wp-json\/wp\/v2\/pages\/55888\/revisions\/57829"}],"wp:attachment":[{"href":"https:\/\/ruthjoanna.com\/sv\/wp-json\/wp\/v2\/media?parent=55888"}],"curies":[{"name":"wp","href":"https:\/\/api.w.org\/{rel}","templated":true}]}}