{"id":55872,"date":"2022-07-26T17:44:07","date_gmt":"2022-07-26T15:44:07","guid":{"rendered":"https:\/\/ruthjoanna.com\/?page_id=55872"},"modified":"2022-07-26T19:18:09","modified_gmt":"2022-07-26T17:18:09","slug":"rostfritt-stal","status":"publish","type":"page","link":"https:\/\/ruthjoanna.com\/sv\/vara-material\/rostfritt-stal\/","title":{"rendered":"Rostfritt st\u00e5l"},"content":{"rendered":"","protected":false},"excerpt":{"rendered":"","protected":false},"author":7,"featured_media":0,"parent":55854,"menu_order":0,"comment_status":"closed","ping_status":"closed","template":"templates\/template-material-specific.php","meta":{"_acf_changed":false,"footnotes":""},"class_list":["post-55872","page","type-page","status-publish","hentry"],"acf":[],"yoast_head":"<!-- This site is optimized with the Yoast SEO plugin v27.3 - https:\/\/yoast.com\/product\/yoast-seo-wordpress\/ -->\n<title>Rostfritt st\u00e5l - Ruth &amp; Joanna<\/title>\n<meta name=\"description\" content=\"Materialval \u00e4r i fokus n\u00e4r Ruth &amp; Joanna designar tidl\u00f6s inredning till ditt hem. L\u00e4s hur du tar hand om dina produkter i Rostfritt st\u00e5l h\u00e4r!\" \/>\n<meta name=\"robots\" content=\"index, follow, max-snippet:-1, max-image-preview:large, max-video-preview:-1\" \/>\n<link rel=\"canonical\" href=\"https:\/\/ruthjoanna.com\/sv\/vara-material\/rostfritt-stal\/\" \/>\n<meta property=\"og:locale\" content=\"sv_SE\" \/>\n<meta property=\"og:type\" content=\"article\" \/>\n<meta property=\"og:title\" content=\"Rostfritt st\u00e5l - Ruth &amp; Joanna\" \/>\n<meta property=\"og:description\" content=\"Materialval \u00e4r i fokus n\u00e4r Ruth &amp; Joanna designar tidl\u00f6s inredning till ditt hem. L\u00e4s hur du tar hand om dina produkter i Rostfritt st\u00e5l h\u00e4r!\" \/>\n<meta property=\"og:url\" content=\"https:\/\/ruthjoanna.com\/sv\/vara-material\/rostfritt-stal\/\" \/>\n<meta property=\"og:site_name\" content=\"Ruth &amp; Joanna\" \/>\n<meta property=\"article:publisher\" content=\"https:\/\/www.facebook.com\/ruthandjoanna\/\" \/>\n<meta property=\"article:modified_time\" content=\"2022-07-26T17:18:09+00:00\" \/>\n<meta name=\"twitter:card\" content=\"summary_large_image\" \/>\n<script type=\"application\/ld+json\" class=\"yoast-schema-graph\">{\"@context\":\"https:\\\/\\\/schema.org\",\"@graph\":[{\"@type\":\"WebPage\",\"@id\":\"https:\\\/\\\/ruthjoanna.com\\\/sv\\\/vara-material\\\/rostfritt-stal\\\/\",\"url\":\"https:\\\/\\\/ruthjoanna.com\\\/sv\\\/vara-material\\\/rostfritt-stal\\\/\",\"name\":\"Rostfritt st\u00e5l - Ruth &amp; Joanna\",\"isPartOf\":{\"@id\":\"https:\\\/\\\/ruthjoanna.com\\\/sv\\\/#website\"},\"datePublished\":\"2022-07-26T15:44:07+00:00\",\"dateModified\":\"2022-07-26T17:18:09+00:00\",\"description\":\"Materialval \u00e4r i fokus n\u00e4r Ruth &amp; Joanna designar tidl\u00f6s inredning till ditt hem. L\u00e4s hur du tar hand om dina produkter i Rostfritt st\u00e5l h\u00e4r!\",\"breadcrumb\":{\"@id\":\"https:\\\/\\\/ruthjoanna.com\\\/sv\\\/vara-material\\\/rostfritt-stal\\\/#breadcrumb\"},\"inLanguage\":\"sv-SE\",\"potentialAction\":[{\"@type\":\"ReadAction\",\"target\":[\"https:\\\/\\\/ruthjoanna.com\\\/sv\\\/vara-material\\\/rostfritt-stal\\\/\"]}]},{\"@type\":\"BreadcrumbList\",\"@id\":\"https:\\\/\\\/ruthjoanna.com\\\/sv\\\/vara-material\\\/rostfritt-stal\\\/#breadcrumb\",\"itemListElement\":[{\"@type\":\"ListItem\",\"position\":1,\"name\":\"Hem\",\"item\":\"https:\\\/\\\/ruthjoanna.com\\\/sv\\\/\"},{\"@type\":\"ListItem\",\"position\":2,\"name\":\"V\u00e5ra Material\",\"item\":\"https:\\\/\\\/ruthjoanna.com\\\/sv\\\/vara-material\\\/\"},{\"@type\":\"ListItem\",\"position\":3,\"name\":\"Rostfritt st\u00e5l\"}]},{\"@type\":\"WebSite\",\"@id\":\"https:\\\/\\\/ruthjoanna.com\\\/sv\\\/#website\",\"url\":\"https:\\\/\\\/ruthjoanna.com\\\/sv\\\/\",\"name\":\"Ruth &amp; Joanna\",\"description\":\"Furnitures\",\"potentialAction\":[{\"@type\":\"SearchAction\",\"target\":{\"@type\":\"EntryPoint\",\"urlTemplate\":\"https:\\\/\\\/ruthjoanna.com\\\/sv\\\/?s={search_term_string}\"},\"query-input\":{\"@type\":\"PropertyValueSpecification\",\"valueRequired\":true,\"valueName\":\"search_term_string\"}}],\"inLanguage\":\"sv-SE\"}]}<\/script>\n<!-- \/ Yoast SEO plugin. -->","yoast_head_json":{"title":"Rostfritt st\u00e5l - Ruth &amp; Joanna","description":"Materialval \u00e4r i fokus n\u00e4r Ruth &amp; Joanna designar tidl\u00f6s inredning till ditt hem. L\u00e4s hur du tar hand om dina produkter i Rostfritt st\u00e5l h\u00e4r!","robots":{"index":"index","follow":"follow","max-snippet":"max-snippet:-1","max-image-preview":"max-image-preview:large","max-video-preview":"max-video-preview:-1"},"canonical":"https:\/\/ruthjoanna.com\/sv\/vara-material\/rostfritt-stal\/","og_locale":"sv_SE","og_type":"article","og_title":"Rostfritt st\u00e5l - Ruth &amp; Joanna","og_description":"Materialval \u00e4r i fokus n\u00e4r Ruth &amp; Joanna designar tidl\u00f6s inredning till ditt hem. L\u00e4s hur du tar hand om dina produkter i Rostfritt st\u00e5l h\u00e4r!","og_url":"https:\/\/ruthjoanna.com\/sv\/vara-material\/rostfritt-stal\/","og_site_name":"Ruth &amp; Joanna","article_publisher":"https:\/\/www.facebook.com\/ruthandjoanna\/","article_modified_time":"2022-07-26T17:18:09+00:00","twitter_card":"summary_large_image","schema":{"@context":"https:\/\/schema.org","@graph":[{"@type":"WebPage","@id":"https:\/\/ruthjoanna.com\/sv\/vara-material\/rostfritt-stal\/","url":"https:\/\/ruthjoanna.com\/sv\/vara-material\/rostfritt-stal\/","name":"Rostfritt st\u00e5l - Ruth &amp; Joanna","isPartOf":{"@id":"https:\/\/ruthjoanna.com\/sv\/#website"},"datePublished":"2022-07-26T15:44:07+00:00","dateModified":"2022-07-26T17:18:09+00:00","description":"Materialval \u00e4r i fokus n\u00e4r Ruth &amp; Joanna designar tidl\u00f6s inredning till ditt hem. L\u00e4s hur du tar hand om dina produkter i Rostfritt st\u00e5l h\u00e4r!","breadcrumb":{"@id":"https:\/\/ruthjoanna.com\/sv\/vara-material\/rostfritt-stal\/#breadcrumb"},"inLanguage":"sv-SE","potentialAction":[{"@type":"ReadAction","target":["https:\/\/ruthjoanna.com\/sv\/vara-material\/rostfritt-stal\/"]}]},{"@type":"BreadcrumbList","@id":"https:\/\/ruthjoanna.com\/sv\/vara-material\/rostfritt-stal\/#breadcrumb","itemListElement":[{"@type":"ListItem","position":1,"name":"Hem","item":"https:\/\/ruthjoanna.com\/sv\/"},{"@type":"ListItem","position":2,"name":"V\u00e5ra Material","item":"https:\/\/ruthjoanna.com\/sv\/vara-material\/"},{"@type":"ListItem","position":3,"name":"Rostfritt st\u00e5l"}]},{"@type":"WebSite","@id":"https:\/\/ruthjoanna.com\/sv\/#website","url":"https:\/\/ruthjoanna.com\/sv\/","name":"Ruth &amp; Joanna","description":"Furnitures","potentialAction":[{"@type":"SearchAction","target":{"@type":"EntryPoint","urlTemplate":"https:\/\/ruthjoanna.com\/sv\/?s={search_term_string}"},"query-input":{"@type":"PropertyValueSpecification","valueRequired":true,"valueName":"search_term_string"}}],"inLanguage":"sv-SE"}]}},"_links":{"self":[{"href":"https:\/\/ruthjoanna.com\/sv\/wp-json\/wp\/v2\/pages\/55872","targetHints":{"allow":["GET"]}}],"collection":[{"href":"https:\/\/ruthjoanna.com\/sv\/wp-json\/wp\/v2\/pages"}],"about":[{"href":"https:\/\/ruthjoanna.com\/sv\/wp-json\/wp\/v2\/types\/page"}],"author":[{"embeddable":true,"href":"https:\/\/ruthjoanna.com\/sv\/wp-json\/wp\/v2\/users\/7"}],"replies":[{"embeddable":true,"href":"https:\/\/ruthjoanna.com\/sv\/wp-json\/wp\/v2\/comments?post=55872"}],"version-history":[{"count":3,"href":"https:\/\/ruthjoanna.com\/sv\/wp-json\/wp\/v2\/pages\/55872\/revisions"}],"predecessor-version":[{"id":55899,"href":"https:\/\/ruthjoanna.com\/sv\/wp-json\/wp\/v2\/pages\/55872\/revisions\/55899"}],"up":[{"embeddable":true,"href":"https:\/\/ruthjoanna.com\/sv\/wp-json\/wp\/v2\/pages\/55854"}],"wp:attachment":[{"href":"https:\/\/ruthjoanna.com\/sv\/wp-json\/wp\/v2\/media?parent=55872"}],"curies":[{"name":"wp","href":"https:\/\/api.w.org\/{rel}","templated":true}]}}